{"id":86,"date":"2023-10-06T10:55:23","date_gmt":"2023-10-06T10:55:23","guid":{"rendered":"https:\/\/www.okiservis.net\/?page_id=86"},"modified":"2023-10-06T10:59:13","modified_gmt":"2023-10-06T10:59:13","slug":"oki-menu-ayarlari","status":"publish","type":"page","link":"https:\/\/www.okiservis.net\/index.php\/oki-menu-ayarlari\/","title":{"rendered":"Oki Men\u00fc Ayarlar\u0131"},"content":{"rendered":"\n<p>Oki 3320-1, Oki 5520-1 T\u00fcrk\u00e7ele\u015ftirme ve ka\u011f\u0131t ayalar\u0131:<\/p>\n\n\n\n<figure class=\"wp-block-image size-full\"><img decoding=\"async\" loading=\"lazy\" width=\"894\" height=\"249\" src=\"https:\/\/www.okiservis.net\/wp-content\/uploads\/2023\/10\/617ezbOWIML._AC_UF8941000_QL80_.jpg\" alt=\"\" class=\"wp-image-93\" srcset=\"https:\/\/www.okiservis.net\/wp-content\/uploads\/2023\/10\/617ezbOWIML._AC_UF8941000_QL80_.jpg 894w, https:\/\/www.okiservis.net\/wp-content\/uploads\/2023\/10\/617ezbOWIML._AC_UF8941000_QL80_-300x84.jpg 300w, https:\/\/www.okiservis.net\/wp-content\/uploads\/2023\/10\/617ezbOWIML._AC_UF8941000_QL80_-768x214.jpg 768w\" sizes=\"(max-width: 894px) 100vw, 894px\" \/><\/figure>\n\n\n\n<div class=\"\" data-col=\"2\"><ol>\n<li>&nbsp;MAK\u0130NANIZA S\u00dcREKL\u0130 FORM KA\u011eIT TAKARAK ALARM I\u015eI\u011eININ S\u00d6NMES\u0130N\u0130 BEKLEY\u0130N\u0130Z .<\/li>\n\n\n\n<li>&nbsp;SHIFT VE SEL TU\u015eLARINA B\u0130RL\u0130KTE BASARAK (\u00d6NCE SHIFT&#8217;E VE SHIFT&#8217;TEN PARMA\u011eINIZI \u00c7EKMEDEN SEL&#8217;E) MAK\u0130NANIN SETUP B\u00d6L\u00dcM\u00dcNE G\u0130RMES\u0130N\u0130 SA\u011eLAYINIZ. (MENU I\u015eI\u011eI YANACAKTIR.)<\/li>\n\n\n\n<li>&nbsp;GROUP (LF) TU\u015eUNA BASINIZ. (IBM PPR YAZACAKTIR)<\/li>\n\n\n\n<li>GROUP (LF) TU\u015eUNA BASINIZ. (UTILITY YAZACAKTIR)<\/li>\n\n\n\n<li>GROUP (LF) TU\u015eUNA BASINIZ. (SET II YAZACAKTIR)<\/li>\n\n\n\n<li>ITEM (FF\/LOAD) TU\u015eUNA BASINIZ. (ASC II YAZACAKTIR)<\/li>\n\n\n\n<li>SET (TEAR) TU\u015eUNA (TURKISH) YAZANA KADAR BASINIZ<\/li>\n\n\n\n<li>ITEM (FF\/LOAD)) TU\u015eUNA 2 KEZ BASINIZ. (USA YAZACAKTIR)<\/li>\n\n\n\n<li>SET (TEAR) TU\u015eUNA (TURKEY) YAZANA KADAR BASINIZ<\/li>\n\n\n\n<li>GROUP (LF) TU\u015eUNA BASINIZ. (6 LPI YAZACAKTIR)<\/li>\n\n\n\n<li>ITEM (FF\/LOAD) TU\u015eUNA (PAGE LENGHT 12\u201d) YAZANA KADAR BASINIZ.<\/li>\n\n\n\n<li>SET (TEAR) TU\u015eUNA (PAGE LENGHT 11\u201d) YAZANA KADAR BASINIZ.<\/li>\n\n\n\n<li>&nbsp;SHIFT VE SEL TU\u015eLARINA B\u0130RL\u0130KTE BASINIZ T\u00dcRK\u00c7ELE\u015eT\u0130RME \u0130\u015eLEM\u0130 TAMAMLANMI\u015eTIR.<\/li>\n<\/ol><\/div>\n\n\n\n<p>Oki 1120, 1190 T\u00fcrk\u00e7ele\u015ftirme ve ka\u011f\u0131t ayarlar\u0131:<\/p>\n\n\n\n<figure class=\"wp-block-image size-full\"><img decoding=\"async\" loading=\"lazy\" width=\"300\" height=\"79\" src=\"https:\/\/www.okiservis.net\/wp-content\/uploads\/2023\/10\/images-1.jpeg\" alt=\"\" class=\"wp-image-92\"\/><\/figure>\n\n\n\n<p><strong>\u0130lk Kurulum Ayarlar\u0131 (T\u00fcrk\u00e7ele\u015ftirme)<\/strong><\/p>\n\n\n\n<p>Men\u00fc Moduna ge\u00e7mek i\u00e7in yaz\u0131c\u0131n\u0131za ka\u011f\u0131t tak\u0131n, yaz\u0131c\u0131n\u0131n elektri\u011fi kapal\u0131yken paneldeki&nbsp;<strong>SEL<\/strong>&nbsp;tu\u015funa bas\u0131l\u0131 tutarak \u00f6n sol taraftaki elektrik anahtar\u0131n\u0131&nbsp;a\u00e7\u0131k duruma getirin. Yaz\u0131c\u0131 haz\u0131ra ge\u00e7ti\u011finde&nbsp;<strong>SEL&#8217;den<\/strong>&nbsp;elinizi \u00e7ekebilirsiniz.&nbsp;<strong>SEL<\/strong>&nbsp;lambas\u0131 yan\u0131p s\u00f6necektir.<\/p>\n\n\n\n<div class=\"\" data-col=\"2\"><ol>\n<li><strong>SEL<\/strong>&nbsp;tu\u015funa 1 sn. arayla&nbsp;3 defa bas\u0131n.&nbsp;&#8220;Symbol Sets&#8230;Character Set&#8230;Set II&#8221; yazacakt\u0131r.<\/li>\n\n\n\n<li><strong>LF\/FF<\/strong>&nbsp;tu\u015funa 1 defa bas\u0131n. &#8220;Symbol Sets&#8230;Language Set&#8230;ASCII&#8221; yazacakt\u0131r.<\/li>\n\n\n\n<li><strong>TEAR<\/strong>&nbsp;tu\u015funa bas\u0131l\u0131 tutarken&nbsp;<strong>LOAD\/EJECT<\/strong>&nbsp;tu\u015funa 4 defa bas\u0131n &#8220;Symbol Sets&#8230;Language Set&#8230;Turkish&#8221; yazacakt\u0131r.<\/li>\n\n\n\n<li><strong>LF\/FF<\/strong>&nbsp;tu\u015funa 2 defa bas\u0131n. &#8220;Symbol Sets&#8230; Code Page&#8230;USA&#8221; yazacakt\u0131r.<\/li>\n\n\n\n<li><strong>LOAD\/EJECT<\/strong>&nbsp;tu\u015funa 5 defa bas\u0131n. &#8220;Symbol Sets&#8230; Code Page&#8230;Turkey&#8221; yazacakt\u0131r.<\/li>\n\n\n\n<li><strong>SEL<\/strong>&nbsp;tu\u015funa 1 defa bas\u0131n. &#8220;Rear Feed&#8230;Line Spacing&#8230;6LPI&#8221; yazacakt\u0131r.<\/li>\n\n\n\n<li><strong>LF\/FF<\/strong>&nbsp;tu\u015funa 3 defa bas\u0131n. &#8220;Rear Feed&#8230; Page Length&#8230;304.8mm (12&#8243;)&#8221; yazacakt\u0131r.<\/li>\n\n\n\n<li><strong>TEAR<\/strong>&nbsp;tu\u015funa bas\u0131l\u0131 tutarken&nbsp;<strong>LOAD\/EJECT<\/strong>&nbsp;tu\u015funa 2 defa bas\u0131n. &#8220;Rear Feed&#8230; Page Length&#8230;279,4 mm (11&#8243;)&#8221; yazacakt\u0131r.<\/li>\n\n\n\n<li>Menu Modundan \u00e7\u0131kmak i\u00e7in \u00f6nce&nbsp;<strong>TEAR&#8217;a<\/strong>&nbsp;bas\u0131n, elinizi kad\u0131rmadan&nbsp;<strong>LOAD\/EJECT&#8217;e<\/strong>&nbsp;bas\u0131n ve bu iki tu\u015fa bas\u0131l\u0131 tutarken&nbsp;<strong>LF\/FF<\/strong>&nbsp;tu\u015funa bas\u0131n. &#8220;Menu End&#8221; yazacakt\u0131r.<\/li>\n<\/ol><\/div>\n\n\n\n<div class=\"\" data-col=\"2\"><ul>\n<li>Men\u00fc ayarlar\u0131n\u0131n d\u00f6k\u00fcm\u00fcn\u00fc almak i\u00e7in SEL tu\u015funa bas\u0131l\u0131 tutarak yaz\u0131c\u0131y\u0131 a\u00e7t\u0131ktan sonra TEAR tu\u015funa bas\u0131n.<\/li>\n\n\n\n<li>Men\u00fcy\u00fc fabrika ayarlar\u0131na geri d\u00f6nd\u00fcrmek istiyorsan\u0131z SEL ve LF\/FF tu\u015flar\u0131na bas\u0131l\u0131 tutarak yaz\u0131c\u0131n\u0131n elektri\u011fini a\u00e7\u0131n.<\/li>\n<\/ul><\/div>\n\n\n\n<p><strong>TOF Ayar\u0131n\u0131 S\u0131f\u0131rlanmas\u0131 (Ka\u011f\u0131d\u0131n \u0130lk Alma Noktas\u0131n\u0131n S\u0131f\u0131rlanmas\u0131)<\/strong><\/p>\n\n\n\n<div class=\"\" data-col=\"2\"><ol>\n<li>Yaz\u0131c\u0131ya s\u00fcrekli form ka\u011f\u0131t tak\u0131n.<\/li>\n\n\n\n<li>Yaz\u0131c\u0131n\u0131n elektri\u011fini kapat\u0131n ve&nbsp;<strong>SEL<\/strong>&nbsp;tusuna bas\u0131l\u0131 tutarak elektrik anahtar\u0131n\u0131 a\u00e7\u0131n.<\/li>\n\n\n\n<li><strong>SEL<\/strong>&nbsp;tu\u015funa aral\u0131kl\u0131 olarak 4 defa bas\u0131n (Ka\u011f\u0131da son olarak &#8220;Rear feed Line Spacing 6 LPI&#8221; yazmal\u0131)<\/li>\n\n\n\n<li><strong>TEAR<\/strong>&nbsp;tusuna bas\u0131n ve elinizi&nbsp;<strong>TEAR&#8217;den<\/strong>&nbsp;kald\u0131rmadan&nbsp;<strong>LF\/FF<\/strong>&nbsp;tu\u015funa 1 defa bas\u0131n. (Ka\u011f\u0131da son olarak &#8220;Rear feed Line TOF (continuous) 23.28 mm (11\/12 in)&#8221; yazacakt\u0131r)<\/li>\n\n\n\n<li><strong>LOAD\/EJECT<\/strong>&nbsp;tu\u015funa basarak ka\u011f\u0131da &#8220;Rear feed Line TOF (continuous) 2.12 mm (1\/12 in)&#8221; yazana kadar bas\u0131n.<\/li>\n\n\n\n<li>Menu Modundan \u00e7\u0131kmak i\u00e7in \u00f6nce&nbsp;<strong>TEAR&#8217;a<\/strong>&nbsp;bas\u0131n, elinizi kad\u0131rmadan&nbsp;<strong>LOAD\/EJECT&#8217;e<\/strong>&nbsp;bas\u0131n ve bu iki tu\u015fa bas\u0131l\u0131 tutarken&nbsp;<strong>LF\/FF<\/strong>&nbsp;tu\u015funa bas\u0131n. &#8220;Menu End&#8221; yazacakt\u0131r.<\/li>\n<\/ol><\/div>\n\n\n\n<p><strong>Form Tear Off nedir? Nas\u0131l ayarlar\u0131m? &#8216;<\/strong><\/p>\n\n\n\n<p>Form tear off&#8217; ka\u011f\u0131t \u00fczerindeki y\u0131rtma noktas\u0131n\u0131 referans al\u0131r. Bu ayar, her bask\u0131 sonras\u0131 sayfan\u0131z\u0131 ayn\u0131 konumda y\u0131rtman\u0131z\u0131 ayarlar.<\/p>\n\n\n\n<div class=\"\" data-col=\"2\"><ol>\n<li>Yaz\u0131c\u0131ya s\u00fcrekli formu tak\u0131n.<\/li>\n\n\n\n<li>Yaz\u0131c\u0131n\u0131n elektri\u011fini kapat\u0131n ve SEL tusuna bas\u0131l\u0131 tutarak elektrik anahtar\u0131n\u0131 a\u00e7\u0131n.<\/li>\n\n\n\n<li>SEL tu\u015funa aral\u0131kl\u0131 olarak 4 defa bas\u0131n (Ka\u011f\u0131da son olarak &#8220;Rear feed Line Spacing 6 LPI&#8221; yazmal\u0131)<\/li>\n\n\n\n<li>LF\/FF tu\u015funa 1 defa bas\u0131n. (Ka\u011f\u0131da son olarak &#8220;Rear feed Line Form Tear-Off Off&#8221; yazacakt\u0131r)<\/li>\n\n\n\n<li>LOAD\/EJECT tu\u015funa basarak Form Tear-Off de\u011ferini de\u011fi\u015ftirebilirsiniz. LOAD\/EJECT tu\u015funa her bas\u0131ld\u0131\u011f\u0131nda ge\u00e7erli Form Tear-Off de\u011feri ka\u011f\u0131t \u00fczerine yaz\u0131lacakt\u0131r. TOF de\u011feri 500ms ile 2sec aras\u0131nda olmal\u0131d\u0131r.<\/li>\n\n\n\n<li>Menu Modundan \u00e7\u0131kmak i\u00e7in \u00f6nce TEAR&#8217;a bas\u0131n, elinizi kad\u0131rmadan LOAD\/EJECT&#8217;e bas\u0131n ve bu iki tu\u015fa bas\u0131l\u0131 tutarken LF\/FF tu\u015funa bas\u0131n. &#8220;Menu End&#8221; yazacakt\u0131r.<\/li>\n<\/ol><\/div>\n\n\n\n<p><strong>\u00d6nemli Not:<\/strong><\/p>\n\n\n\n<p>Yaz\u0131c\u0131n\u0131n g\u00fc\u00e7 d\u00fc\u011fmesinden kapat\u0131lmas\u0131 yeni ayarlar\u0131 kaydetmez.<\/p>\n","protected":false},"excerpt":{"rendered":"<p>Oki 3320-1, Oki 5520-1 T\u00fcrk\u00e7ele\u015ftirme ve ka\u011f\u0131t ayalar\u0131: Oki 1120, 1190 T\u00fcrk\u00e7ele\u015ftirme ve ka\u011f\u0131t ayarlar\u0131: \u0130lk Kurulum Ayarlar\u0131 (T\u00fcrk\u00e7ele\u015ftirme) Men\u00fc Moduna ge\u00e7mek i\u00e7in yaz\u0131c\u0131n\u0131za ka\u011f\u0131t tak\u0131n, yaz\u0131c\u0131n\u0131n elektri\u011fi kapal\u0131yken paneldeki&nbsp;SEL&nbsp;tu\u015funa bas\u0131l\u0131 tutarak \u00f6n sol taraftaki elektrik anahtar\u0131n\u0131&nbsp;a\u00e7\u0131k duruma getirin. Yaz\u0131c\u0131 haz\u0131ra ge\u00e7ti\u011finde&nbsp;SEL&#8217;den&nbsp;elinizi \u00e7ekebilirsiniz.&nbsp;SEL&nbsp;lambas\u0131 yan\u0131p s\u00f6necektir. TOF Ayar\u0131n\u0131 S\u0131f\u0131rlanmas\u0131 (Ka\u011f\u0131d\u0131n \u0130lk Alma Noktas\u0131n\u0131n S\u0131f\u0131rlanmas\u0131) Form Tear [&hellip;]<\/p>\n","protected":false},"author":1,"featured_media":0,"parent":0,"menu_order":0,"comment_status":"closed","ping_status":"closed","template":"","meta":{"footnotes":""},"_links":{"self":[{"href":"https:\/\/www.okiservis.net\/index.php\/wp-json\/wp\/v2\/pages\/86"}],"collection":[{"href":"https:\/\/www.okiservis.net\/index.php\/wp-json\/wp\/v2\/pages"}],"about":[{"href":"https:\/\/www.okiservis.net\/index.php\/wp-json\/wp\/v2\/types\/page"}],"author":[{"embeddable":true,"href":"https:\/\/www.okiservis.net\/index.php\/wp-json\/wp\/v2\/users\/1"}],"replies":[{"embeddable":true,"href":"https:\/\/www.okiservis.net\/index.php\/wp-json\/wp\/v2\/comments?post=86"}],"version-history":[{"count":2,"href":"https:\/\/www.okiservis.net\/index.php\/wp-json\/wp\/v2\/pages\/86\/revisions"}],"predecessor-version":[{"id":94,"href":"https:\/\/www.okiservis.net\/index.php\/wp-json\/wp\/v2\/pages\/86\/revisions\/94"}],"wp:attachment":[{"href":"https:\/\/www.okiservis.net\/index.php\/wp-json\/wp\/v2\/media?parent=86"}],"curies":[{"name":"wp","href":"https:\/\/api.w.org\/{rel}","templated":true}]}}