{"id":95,"date":"2023-10-06T11:02:36","date_gmt":"2023-10-06T11:02:36","guid":{"rendered":"https:\/\/www.okiservis.net\/?page_id=95"},"modified":"2023-10-07T09:19:49","modified_gmt":"2023-10-07T09:19:49","slug":"oki-hata-kodlari","status":"publish","type":"page","link":"https:\/\/www.okiservis.net\/index.php\/oki-hata-kodlari\/","title":{"rendered":"Oki Hata Kodlar\u0131"},"content":{"rendered":"\n<p>Hata Kodlar\u0131n\u0131n onar\u0131m\u0131 i\u00e7in telefon numaram\u0131z: 0212 222 27 02<\/p>\n\n\n\n<hr class=\"wp-block-separator has-alpha-channel-opacity\" id=\"Line3\"\/>\n\n\n\n<hr class=\"wp-block-separator has-alpha-channel-opacity\" id=\"Line1\"\/>\n\n\n\n<hr class=\"wp-block-separator has-alpha-channel-opacity\" id=\"Line2\"\/>\n\n\n\n<hr class=\"wp-block-separator has-alpha-channel-opacity\" id=\"Line3\"\/>\n\n\n\n<figure class=\"wp-block-table\"><table><tbody><tr><td>Kod: 001 (Servis \u00e7a\u011f\u0131r)<\/td><td>PCB ar\u0131zas\u0131 veya yetersiz g\u00fc\u00e7 kapasitesi.Yaz\u0131c\u0131 kontrol PCB&#8217;sini (Ana kart) de\u011fi\u015ftirin.<\/td><\/tr><tr><td>Kod: 002 &#8211; 005<\/td><td>CPU Hatas\u0131<\/td><\/tr><tr><td>Kod: 012<\/td><td>Sistem zaman a\u015f\u0131m\u0131.Cihaz\u0131 kapat\u0131p a\u00e7\u0131n hata devam ederse kontrol PCB de\u011fi\u015ftirin.(Ana kart)<\/td><\/tr><tr><td>Kod: 020<\/td><td>Nand FLASH&#8217;daki CU FW alg\u0131lanmad\u0131.Cihaz\u0131 kapat\u0131p a\u00e7\u0131n hata devam ederse kontrol PCB de\u011fi\u015ftirin.(Ana kart)<\/td><\/tr><tr><td>Kod: 024<\/td><td>Japon font hatas\u0131 (kanji font)<\/td><\/tr><tr><td>Kod: 030<\/td><td>RAM Kontrol Hatas\u0131.Yaz\u0131c\u0131 kontrol PCB&#8217;sini de\u011fi\u015ftirin.(Ana kart)<\/td><\/tr><tr><td>Kod: 040<\/td><td>EEPROM hatas\u0131.Yaz\u0131c\u0131 kontrol PCB&#8217;sini de\u011fi\u015ftirin.(Ana kart)<\/td><\/tr><tr><td>Kod: 042 &#8211; 043 &#8211; 045<\/td><td>Flash bellek dosya sistemi hatas\u0131.Yaz\u0131c\u0131 kontrol PCB&#8217;sini de\u011fi\u015ftirin.(Ana kart)<\/td><\/tr><tr><td>Kod: 051<\/td><td>CPU so\u011futma fan\u0131n\u0131n anormal durumu.CPU Fan\u0131 d\u00fczg\u00fcn ba\u011flanm\u0131\u015f m\u0131?<\/td><\/tr><tr><td>Kod: 052<\/td><td>G\u00f6r\u00fcnt\u00fc \u0130\u015flemcisi ile DMA \u0130ptal Hatas\u0131 alg\u0131land\u0131.Cihaz\u0131 kapat\u0131p a\u00e7\u0131n hata devam ederse kontrol PCB de\u011fi\u015ftirin.(Ana kart)<\/td><\/tr><tr><td>Kod: 057<\/td><td>Taray\u0131c\u0131n\u0131n komut ileti\u015fiminin zaman a\u015f\u0131m\u0131.Kontrol \u00fcnitesi ve taray\u0131c\u0131 \u00fcnitesi aras\u0131nda komut ileti\u015fimi zamana\u015f\u0131m\u0131<\/td><\/tr><tr><td>Kod: 062<\/td><td>USB S\u00fcr\u00fcc\u00fcs\u00fc Hatas\u0131<\/td><\/tr><tr><td>Kod: 064<\/td><td>SD Kart Eksik Hatas\u0131<\/td><\/tr><tr><td>Kod: 069<\/td><td>NIC chip hatas\u0131.Yaz\u0131c\u0131 kontrol PCB de\u011fi\u015ftirin.<\/td><\/tr><tr><td>Kod: 070<\/td><td>Postscript hatas\u0131 Postscript \u00e7ekirde\u011fi i\u00e7inde hata tespit edildi.Yaz\u0131c\u0131 kontrol PCB de\u011fi\u015ftirin.<\/td><\/tr><tr><td>Kod: 072<\/td><td>Motor arabirimi hatas\u0131 veya PU-CU arabirimi hatas\u0131<\/td><\/tr><tr><td>Kod: 073<\/td><td>Video hatas\u0131. G\u00f6r\u00fcnt\u00fc verilerini geni\u015fletirken bir hata tespit edildi.Anakart\u0131 kontrol edin<\/td><\/tr><tr><td>Kod: 077<\/td><td>G\u00f6r\u00fcnt\u00fc veri geni\u015flemesi s\u0131ras\u0131nda anormal durumun tespiti.Cihaz\u0131 kapat\u0131p a\u00e7\u0131n hata devam ederse kontrol PCB de\u011fi\u015ftirin.(Ana kart)<\/td><\/tr><tr><td>Kod: 081 (Servis \u00e7a\u011f\u0131r)<\/td><td>Cihaz\u0131 kapat\u0131p a\u00e7\u0131n hata devam ederse kontrol PCB de\u011fi\u015ftirin.(Ana kart)<\/td><\/tr><tr><td>Kod: 111<\/td><td>Ba\u015fka bir model i\u00e7in bir dubleksleme \u00fcnitesi tespit edildi.Dubleks \u00fcnitesini kontrol edin.<\/td><\/tr><tr><td>Kod: 112<\/td><td>Ba\u015fka bir model i\u00e7in 2. Tepsi tespit edildi.2.tepsiyi kontrol edin veya de\u011fi\u015ftirin.<\/td><\/tr><tr><td>Kod: 113<\/td><td>Ba\u015fka bir model i\u00e7in 3. Tepsi tespit edildi.<\/td><\/tr><tr><td>Kod: 114<\/td><td>Ba\u015fka bir model i\u00e7in 4. Tepsi tespit edildi.<\/td><\/tr><tr><td>Kod: 115<\/td><td>Ba\u015fka bir model i\u00e7in 5. Tepsi tespit edildi.<\/td><\/tr><tr><td>Kod: 121<\/td><td>Y\u00fcksek Gerilim g\u00fc\u00e7 kayna\u011f\u0131 arabirimi hatas\u0131.Kontrol kart\u0131 \u00fczerindeki sigortay\u0131 kontrol edin.<\/td><\/tr><tr><td>Kod: 123<\/td><td>Anormal \u00e7evre nemi veya nem sens\u00f6r\u00fc ba\u011flant\u0131 hatas\u0131<\/td><\/tr><tr><td>Kod: 124<\/td><td>Anormal \u00e7evre nemi,Ortam alg\u0131lay\u0131c\u0131 kart\u0131n\u0131 ve FFC&#8217;yi de\u011fi\u015ftirin<\/td><\/tr><tr><td>Kod: 125<\/td><td>\u00c7ok ama\u00e7l\u0131 kaset hatas\u0131.Sens\u00f6r kablosunda kopma veya k\u0131sa devre varm\u0131?.Atlama motorunu ve di\u015fli tertibat\u0131n\u0131 kontrol edin.<\/td><\/tr><tr><td>Kod: 126<\/td><td>Bu hata, bir yaz\u0131c\u0131 d\u0131\u015far\u0131dan ta\u015f\u0131nd\u0131ktan sonra ortaya \u00e7\u0131kar.Ortam s\u0131cakl\u0131\u011f\u0131nda 2 saat bekletip tekrar \u00e7al\u0131\u015ft\u0131r\u0131n.<\/td><\/tr><tr><td>Kod: 128<\/td><td>Fuser fan hatas\u0131.Fan\u0131 ve ba\u011flant\u0131lar\u0131n\u0131 kontrol edin.<\/td><\/tr><tr><td>Kod: 134<\/td><td>LED ba\u015f tespit hatas\u0131 (01 = K, 02 = C, 03 = M, 04 = Y) LED kafas\u0131 ile PCB aras\u0131ndaki FFC ba\u011flant\u0131y\u0131 kontrol edin.<\/td><\/tr><tr><td>Kod: 135 &#8211; 01<\/td><td>Tepsi 1 kald\u0131rma motoru hatas\u0131<\/td><\/tr><tr><td>Kod: 135 &#8211; 02<\/td><td>Tepsi 2 kald\u0131rma motoru hatas\u0131<\/td><\/tr><tr><td>Kod: 135 &#8211; 03<\/td><td>Tepsi 3 kald\u0131rma motoru hatas\u0131<\/td><\/tr><tr><td>Kod: 135 &#8211; 04<\/td><td>Tepsi 4 kald\u0131rma motoru hatas\u0131<\/td><\/tr><tr><td>Kod: 135 &#8211; 05<\/td><td>Tepsi 5 kald\u0131rma motoru hatas\u0131<\/td><\/tr><tr><td>Kod: 135 &#8211; 07<\/td><td>Kemer Motor Kilidi Hatas\u0131,Mekanik bir motor sigortas\u0131, kesilmi\u015f veya k\u0131sa devre motor kablosu kontrolu yap\u0131n<\/td><\/tr><tr><td>Kod: 135 &#8211; 09<\/td><td>Fuser Motor Kilidi Hatas\u0131,Mekanik bir motor sigortas\u0131, kesilmi\u015f veya k\u0131sa devre motor kablosu kontrolu yap\u0131n<\/td><\/tr><tr><td>Kod: 141 &#8211; 142 &#8211; 143 &#8211; 144 &#8211;&nbsp; 145<\/td><td>Resim dram\u0131 Yukar\u0131 \/ A\u015fa\u011f\u0131 konum alg\u0131lama hatas\u0131 (01 = K, 02 = C, 03 = M, 04 = Y, 05 = W \/ CL)<\/td><\/tr><tr><td>Kod: 147<\/td><td>Toner besleme motoru hatas\u0131 (01 = K, 02 = C, 03 = M, 04 = Y, 05 = W \/ CL)<\/td><\/tr><tr><td>Kod: 163<\/td><td>Toner sens\u00f6r\u00fc alg\u0131lama hatas\u0131 (01 = K, 02 = C, 03 = M, 04 = Y, 05 = W \/ CL)<\/td><\/tr><tr><td>Kod: 166 &#8211; 01<\/td><td>G\u00fc\u00e7 kayna\u011f\u0131 s\u0131cakl\u0131k termist\u00f6r\u00fc ile bir anormallik tespit edildi.G\u00fc\u00e7 kayna\u011f\u0131 termist\u00f6r\u00fc k\u0131sa devre.<\/td><\/tr><tr><td>Kod: 166 &#8211; 02<\/td><td>G\u00fc\u00e7 kayna\u011f\u0131 termist\u00f6r\u00fc a\u00e7\u0131k devre<\/td><\/tr><tr><td>Kod: 166 &#8211; 03<\/td><td>G\u00fc\u00e7 kayna\u011f\u0131 termist\u00f6r\u00fc y\u00fcksek s\u0131cakl\u0131k hatas\u0131.<\/td><\/tr><tr><td>Kod: 166 &#8211; 04<\/td><td>G\u00fc\u00e7 kayna\u011f\u0131 termist\u00f6r\u00fc d\u00fc\u015f\u00fck s\u0131cakl\u0131k hatas\u0131.<\/td><\/tr><tr><td>Kod: 167<\/td><td>Termist\u00f6r e\u011fim hatas\u0131.Yaz\u0131c\u0131y\u0131 1 saat kadar kapal\u0131 tutup tekrar a\u00e7\u0131n.<\/td><\/tr><tr><td>Kod: 168 &#8211; 01 &#8211; 02 &#8211; 03 &#8211; 04<\/td><td>01: Termist\u00f6r k\u0131sa devre olarak alg\u0131lan\u0131r 02: Termistor a\u00e7\u0131k olarak alg\u0131lan\u0131r 03:Termist\u00f6r y\u00fcksek s\u0131cakl\u0131k hatas\u0131.<br>04: Termist\u00f6r d\u00fc\u015f\u00fck s\u0131cakl\u0131k hatas\u0131.Yaz\u0131c\u0131y\u0131 30 dakika beklettikten sonra g\u00fcc\u00fc tekrar a\u00e7\u0131n.<\/td><\/tr><tr><td>Kod: 169 &#8211; 01 &#8211; 02 &#8211; 03 &#8211; 04<\/td><td>01: Termist\u00f6r k\u0131sa devre 02: Termist\u00f6r a\u00e7\u0131k devre 03: Termist\u00f6r y\u00fcksek s\u0131cakl\u0131k hatas\u0131 04: Termist\u00f6r d\u00fc\u015f\u00fck s\u0131cakl\u0131k hatas\u0131<br>Yaz\u0131c\u0131y\u0131 30 dakika beklettikten sonra, g\u00fcc\u00fc tekrar a\u00e7\u0131n.<\/td><\/tr><tr><td>Kod: 170 \/ 171<\/td><td>F\u00fczer termist\u00f6r\u00fcn\u00fcn k\u0131sa devre (170) veya a\u00e7\u0131k devre (171) tespit edildi.<\/td><\/tr><tr><td>Kod: 172 \/ 173<\/td><td>F\u00fczer termist\u00f6r\u00fcn\u00fcn anormal (172: y\u00fcksek veya 173: d\u00fc\u015f\u00fck) s\u0131cakl\u0131\u011f\u0131 tespit edildi.Termist\u00f6r veya fuseri de\u011fi\u015ftirin.<\/td><\/tr><tr><td>Kod: 181 \/ 182 \/ 183 \/ 184 \/ 185<\/td><td>Opsiyon \u00fcnitesi hatas\u0131.(181 = \u00c7ift Y\u00f6n Birimi 182, 183, 184, 185 = \u0130ste\u011fe Ba\u011fl\u0131 Tepsi) ba\u011flant\u0131 konnekt\u00f6rleri kontrol ediniz.<\/td><\/tr><tr><td>Kod: 188 &#8211; 01 &#8211; 02<\/td><td>01: Port CPU ile ileti\u015fim hatas\u0131.Kontrol PCB de\u011fi\u015ftirin.02: S\u00fcr\u00fcc\u00fc CPU&#8217;su ile ileti\u015fimde hata.S\u00fcr\u00fcc\u00fc PCB de\u011fi\u015ftirin.<\/td><\/tr><tr><td>Kod: 190<\/td><td>Sistem belle\u011fi ta\u015fmas\u0131.Kontrol PCB de\u011fi\u015ftirin.<\/td><\/tr><tr><td>Kod: 203 &#8211; 204<\/td><td>Bu hata cihaz kapat\u0131p a\u00e7\u0131ld\u0131\u011f\u0131nda olur.Kontrol PCB de\u011fi\u015ftirin.<\/td><\/tr><tr><td>Kod: 207 &#8211; 208 &#8211; 213 &#8211; 214<\/td><td>Bu hata cihaz kapat\u0131p a\u00e7\u0131ld\u0131\u011f\u0131nda olur.CU program hatas\u0131.Kontrol PCB de\u011fi\u015ftirin.<\/td><\/tr><tr><td>Kod: 241 \/ 242 \/ 243 \/ 244 \/ 245<\/td><td>241: DUPLEKS PCB&#8217;yi de\u011fi\u015ftirin. 242: Opsiyon Tepsi 2,243: Opsiyon Tepsi 3,244: Opsiyon Tepsi 4,245: Opsiyon Tepsi 5<\/td><\/tr><tr><td>Kod: 247<\/td><td>Motor PORTU CPU Program Bellek Hatas\u0131.Kontrol PCB kart\u0131 de\u011fi\u015ftirin.<\/td><\/tr><tr><td>Kod: 249<\/td><td>Motor DRIVER CPU Program\u0131 Bellek Hatas\u0131.Kontrol PCB kart\u0131 de\u011fi\u015ftirin.<\/td><\/tr><tr><td>Kod: 251<\/td><td>G\u00fcvenli Disk Silme Hatas\u0131.HDD yi kontrol edin.HDD yi de\u011fi\u015ftirin.<\/td><\/tr><tr><td>Kod: 257<\/td><td>HDD&#8217;yi formatlay\u0131n. Sorunu \u00e7\u00f6zmezse, HDD&#8217;yi de\u011fi\u015ftirin<\/td><\/tr><tr><td>Kod: 350 \/ 351 \/ 352 \/ 353<\/td><td>G\u00f6r\u00fcnt\u00fc Dram\u0131 \u00d6mr\u00fc. Yeni G\u00f6r\u00fcnt\u00fc Dram \u00dcnitesi tak\u0131n.<\/td><\/tr><tr><td>Kod: 354<\/td><td>Fuser Birimi \u00d6mr\u00fc. Yeni Fuser tak\u0131n.<\/td><\/tr><tr><td>Kod: 390 \/ 391 \/ 392 \/ 393<\/td><td>Ka\u011f\u0131t s\u0131k\u0131\u015fmas\u0131 oldu.<\/td><\/tr><tr><td>Kod: 414 \/ 415 \/ 416 \/ 417<\/td><td>Toner kartu\u015fu at\u0131k toner haznesi dolu.<\/td><\/tr><tr><td>Kod: 420<\/td><td>Veri \u00e7ok karma\u015f\u0131k. \u0130\u015flem s\u0131ras\u0131nda bellek dolma hatas\u0131 oldu. Yazd\u0131rma verisi miktar\u0131n\u0131 azalt\u0131n.<\/td><\/tr><tr><td>Kod: 460<\/td><td>\u00c7ok ama\u00e7l\u0131 tepsiye yerle\u015ftirilen ka\u011f\u0131t boyutu ve t\u00fcr\u00fc ekranda belirtilenlerle e\u015fle\u015fmiyor.<br>\u00c7ok ama\u00e7l\u0131 tepsiye yerle\u015ftirilen ka\u011f\u0131t boyutu ve t\u00fcr\u00fcn\u00fcn uygulamada se\u00e7ilenlerle ayn\u0131 oldu\u011funu teyit edin.<\/td><\/tr><tr><td>Kod: 461 \/ 462 \/ 463 \/ 464<\/td><td>Beslenen ka\u011f\u0131t boyutu ve t\u00fcr\u00fc ekranda belirtilenlerle e\u015fle\u015fmiyor. Uygulamada se\u00e7ilenle ayn\u0131 ka\u011f\u0131t boyutunu ve t\u00fcr\u00fcn\u00fc kullan\u0131n.<\/td><\/tr><tr><td>Kod: 901 \/ 902<\/td><td>Belt termist\u00f6r\u00fc ile k\u0131sa devre (901) veya a\u00e7\u0131k devre (902) tespit edildi.Belt termist\u00f6r\u00fc ba\u011flant\u0131s\u0131n\u0131 kontrol edin.Belt \u00fcnitesinde,yaz\u0131c\u0131&nbsp;<br>\u00fcnitesinin PCB etiket terminali olan temas y\u00fczeyinde veya kabloda herhangi bir anormal durum var m\u0131?<\/td><\/tr><tr><td>Kod: 903 \/ 904<\/td><td>Belt termist\u00f6r\u00fc anormal s\u0131cakl\u0131k tespit etti.903: \u00e7ok y\u00fcksek,904: \u00e7ok d\u00fc\u015f\u00fck<\/td><\/tr><tr><td>Kod: 980<\/td><td>Is\u0131t\u0131c\u0131 \u00e7evresinde ortam s\u0131k\u0131\u015fmas\u0131 hatas\u0131.<\/td><\/tr><tr><td>Kod: 990<\/td><td>At\u0131k toner sens\u00f6r\u00fc alg\u0131lama hatas\u0131.K toner kartu\u015fu tak\u0131l\u0131 m\u0131? tak\u0131l\u0131 ise At\u0131k toner sens\u00f6r\u00fc ba\u011flant\u0131s\u0131n\u0131 kontrol edin.<\/td><\/tr><tr><td>Kod: 993<\/td><td>Ka\u011f\u0131t kal\u0131nl\u0131\u011f\u0131 sens\u00f6r\u00fc g\u00fc\u00e7 kablosunda bir hata tespit edildi.<\/td><\/tr><tr><td>Kod: 994<\/td><td>Y\u00fcksek s\u0131cakl\u0131k hatas\u0131 tespit edilen bir f\u00fczer tak\u0131ld\u0131.<\/td><\/tr><\/tbody><\/table><\/figure>\n","protected":false},"excerpt":{"rendered":"<p>Hata Kodlar\u0131n\u0131n onar\u0131m\u0131 i\u00e7in telefon numaram\u0131z: 0212 222 27 02 Kod: 001 (Servis \u00e7a\u011f\u0131r) PCB ar\u0131zas\u0131 veya yetersiz g\u00fc\u00e7 kapasitesi.Yaz\u0131c\u0131 kontrol PCB&#8217;sini (Ana kart) de\u011fi\u015ftirin. Kod: 002 &#8211; 005 CPU Hatas\u0131 Kod: 012 Sistem zaman a\u015f\u0131m\u0131.Cihaz\u0131 kapat\u0131p a\u00e7\u0131n hata devam ederse kontrol PCB de\u011fi\u015ftirin.(Ana kart) Kod: 020 Nand FLASH&#8217;daki CU FW alg\u0131lanmad\u0131.Cihaz\u0131 kapat\u0131p a\u00e7\u0131n hata [&hellip;]<\/p>\n","protected":false},"author":1,"featured_media":0,"parent":0,"menu_order":0,"comment_status":"closed","ping_status":"closed","template":"","meta":{"footnotes":""},"_links":{"self":[{"href":"https:\/\/www.okiservis.net\/index.php\/wp-json\/wp\/v2\/pages\/95"}],"collection":[{"href":"https:\/\/www.okiservis.net\/index.php\/wp-json\/wp\/v2\/pages"}],"about":[{"href":"https:\/\/www.okiservis.net\/index.php\/wp-json\/wp\/v2\/types\/page"}],"author":[{"embeddable":true,"href":"https:\/\/www.okiservis.net\/index.php\/wp-json\/wp\/v2\/users\/1"}],"replies":[{"embeddable":true,"href":"https:\/\/www.okiservis.net\/index.php\/wp-json\/wp\/v2\/comments?post=95"}],"version-history":[{"count":2,"href":"https:\/\/www.okiservis.net\/index.php\/wp-json\/wp\/v2\/pages\/95\/revisions"}],"predecessor-version":[{"id":100,"href":"https:\/\/www.okiservis.net\/index.php\/wp-json\/wp\/v2\/pages\/95\/revisions\/100"}],"wp:attachment":[{"href":"https:\/\/www.okiservis.net\/index.php\/wp-json\/wp\/v2\/media?parent=95"}],"curies":[{"name":"wp","href":"https:\/\/api.w.org\/{rel}","templated":true}]}}